{"id":59,"date":"2025-11-21T22:07:18","date_gmt":"2025-11-21T21:07:18","guid":{"rendered":"https:\/\/larevolutionpaleo.fr\/?page_id=59"},"modified":"2025-11-21T22:35:42","modified_gmt":"2025-11-21T21:35:42","slug":"le-dedans","status":"publish","type":"page","link":"https:\/\/larevolutionpaleo.fr\/?page_id=59","title":{"rendered":"Le dedans"},"content":{"rendered":"\n<p>L&rsquo;anatomie<\/p>\n\n\n\n<p>L&rsquo;habillement<\/p>\n\n\n\n<p><a href=\"https:\/\/larevolutionpaleo.fr\/?page_id=67\" data-type=\"page\" data-id=\"67\">La chasse<\/a><\/p>\n\n\n\n<p>La cosm\u00e9tique<\/p>\n\n\n\n<p>La m\u00e9decine<\/p>\n\n\n\n<p>La t\u00eate<\/p>\n","protected":false},"excerpt":{"rendered":"<p>L&rsquo;anatomie L&rsquo;habillement La chasse La cosm\u00e9tique La m\u00e9decine La t\u00eate<\/p>\n","protected":false},"author":1,"featured_media":0,"parent":2,"menu_order":0,"comment_status":"closed","ping_status":"closed","template":"","meta":{"footnotes":""},"class_list":["post-59","page","type-page","status-publish","hentry"],"_links":{"self":[{"href":"https:\/\/larevolutionpaleo.fr\/index.php?rest_route=\/wp\/v2\/pages\/59","targetHints":{"allow":["GET"]}}],"collection":[{"href":"https:\/\/larevolutionpaleo.fr\/index.php?rest_route=\/wp\/v2\/pages"}],"about":[{"href":"https:\/\/larevolutionpaleo.fr\/index.php?rest_route=\/wp\/v2\/types\/page"}],"author":[{"embeddable":true,"href":"https:\/\/larevolutionpaleo.fr\/index.php?rest_route=\/wp\/v2\/users\/1"}],"replies":[{"embeddable":true,"href":"https:\/\/larevolutionpaleo.fr\/index.php?rest_route=%2Fwp%2Fv2%2Fcomments&post=59"}],"version-history":[{"count":2,"href":"https:\/\/larevolutionpaleo.fr\/index.php?rest_route=\/wp\/v2\/pages\/59\/revisions"}],"predecessor-version":[{"id":69,"href":"https:\/\/larevolutionpaleo.fr\/index.php?rest_route=\/wp\/v2\/pages\/59\/revisions\/69"}],"up":[{"embeddable":true,"href":"https:\/\/larevolutionpaleo.fr\/index.php?rest_route=\/wp\/v2\/pages\/2"}],"wp:attachment":[{"href":"https:\/\/larevolutionpaleo.fr\/index.php?rest_route=%2Fwp%2Fv2%2Fmedia&parent=59"}],"curies":[{"name":"wp","href":"https:\/\/api.w.org\/{rel}","templated":true}]}}