{"id":2,"date":"2025-01-08T23:41:38","date_gmt":"2025-01-08T22:41:38","guid":{"rendered":"http:\/\/larevolutionpaleo.fr\/?page_id=2"},"modified":"2025-11-21T22:22:54","modified_gmt":"2025-11-21T21:22:54","slug":"page-d-exemple","status":"publish","type":"page","link":"https:\/\/larevolutionpaleo.fr\/?page_id=2","title":{"rendered":"La base"},"content":{"rendered":"\n<p>Cr\u00e9er un blog en 2025 alors que l\u2019essentiel du contenu sur internet est g\u00e9n\u00e9r\u00e9 automatiquement par des intelligences articificielles, est ce une bonne id\u00e9e ?<\/p>\n\n\n\n<p>Certainement pas, ou alors c\u2019est une fa\u00e7on d\u2019accompagner Internet vers sa fin, on va donc le faire en beaut\u00e9 !<\/p>\n\n\n\n<p>Ce site est une r\u00e9flexion sur les aberrations monde actuel et une qu\u00eate d\u2019id\u00e9es en se posant une question simple : que faisait nos anc\u00eatres les Hommes Pr\u00e9historiques ?<\/p>\n\n\n\n<p>Lorsqu\u2019on est bloqu\u00e9, toujours revenir aux bases.de nouvelles pages pour votre contenu. Amusez-vous bien\u00a0!<\/p>\n","protected":false},"excerpt":{"rendered":"<p>Cr\u00e9er un blog en 2025 alors que l\u2019essentiel du contenu sur internet est g\u00e9n\u00e9r\u00e9 automatiquement par des intelligences articificielles, est ce une bonne id\u00e9e ? Certainement pas, ou alors c\u2019est une fa\u00e7on d\u2019accompagner Internet vers sa fin, on va donc le faire en beaut\u00e9 ! Ce site est une r\u00e9flexion sur les aberrations monde actuel [&hellip;]<\/p>\n","protected":false},"author":1,"featured_media":0,"parent":0,"menu_order":0,"comment_status":"closed","ping_status":"open","template":"","meta":{"footnotes":""},"class_list":["post-2","page","type-page","status-publish","hentry"],"_links":{"self":[{"href":"https:\/\/larevolutionpaleo.fr\/index.php?rest_route=\/wp\/v2\/pages\/2","targetHints":{"allow":["GET"]}}],"collection":[{"href":"https:\/\/larevolutionpaleo.fr\/index.php?rest_route=\/wp\/v2\/pages"}],"about":[{"href":"https:\/\/larevolutionpaleo.fr\/index.php?rest_route=\/wp\/v2\/types\/page"}],"author":[{"embeddable":true,"href":"https:\/\/larevolutionpaleo.fr\/index.php?rest_route=\/wp\/v2\/users\/1"}],"replies":[{"embeddable":true,"href":"https:\/\/larevolutionpaleo.fr\/index.php?rest_route=%2Fwp%2Fv2%2Fcomments&post=2"}],"version-history":[{"count":3,"href":"https:\/\/larevolutionpaleo.fr\/index.php?rest_route=\/wp\/v2\/pages\/2\/revisions"}],"predecessor-version":[{"id":65,"href":"https:\/\/larevolutionpaleo.fr\/index.php?rest_route=\/wp\/v2\/pages\/2\/revisions\/65"}],"wp:attachment":[{"href":"https:\/\/larevolutionpaleo.fr\/index.php?rest_route=%2Fwp%2Fv2%2Fmedia&parent=2"}],"curies":[{"name":"wp","href":"https:\/\/api.w.org\/{rel}","templated":true}]}}